{"id":3,"date":"2024-02-23T07:28:24","date_gmt":"2024-02-23T06:28:24","guid":{"rendered":"https:\/\/fit-hermagor.at\/?page_id=3"},"modified":"2024-02-26T19:00:38","modified_gmt":"2024-02-26T18:00:38","slug":"datenschutzerklaerung","status":"publish","type":"page","link":"https:\/\/fit-hermagor.at\/?page_id=3","title":{"rendered":"Datenschutzerkl\u00e4rung"},"content":{"rendered":"\n<h2 class=\"wp-block-heading\"><\/h2>\n\n\n\n<p><strong>FIT Trainingscenter GmbH<\/strong><\/p>\n\n\n\n<p><strong>9620 Hermagor  &#8211;  Obervellach 14\u00a0\u00a0\u00a0\u00a0\u00a0\u00a0 \u00a0 <\/strong><strong>04282 \/ 4846\u00a0\u00a0 fit-hermagor@aon.at<\/strong><\/p>\n\n\n\n<p>__________________________________________________________<\/p>\n\n\n\n<p>Information zur Datenerhebung&nbsp; nach DSGVO Artikel 13&nbsp; &#8211; Informationspflicht bei Erhebung von personenbezogenen Daten bei der betroffenen Person &#8211;<\/p>\n\n\n\n<p><strong>&nbsp;Warum erheben wir deine Daten?<\/strong><\/p>\n\n\n\n<p>Da Du einen Vertrag mit uns abschlie\u00dfen m\u00f6chtest oder ein Probetraining bei uns machen m\u00f6chtest ben\u00f6tigen wir deine Daten.&nbsp; Wir m\u00f6chten auch gerne Kontakt zu dir aufnehmen um dich \u00fcber Angebote und Aktionen in unserem Studio zu informieren.<\/p>\n\n\n\n<p>&nbsp;Also formal ausgedr\u00fcckt ist der Zweck der Datenerhebung die Anbahnung, der Abschluss und die Durchf\u00fchrung einer Mitgliedschaftsvereinbarung zur Nutzung des FIT Trainingscenter Hermagor.&nbsp; Hierzu geh\u00f6rt auch die Kontaktaufnahme mit dem Betroffenen f\u00fcr Werbema\u00dfnahmen im Zusammenhang mit der angehenden oder bestehenden Mitgliedschaft.&nbsp;<\/p>\n\n\n\n<p><strong>Auf welcher Rechtsgrundlage erheben wir deine Daten?<\/strong><\/p>\n\n\n\n<p>Das ist der&nbsp; Art. 6 Abs. 1 lit (b) der europ\u00e4ischen Datenschutzgrundverordnung. Diese erlaubt uns deine Daten zur Erf\u00fcllung des Vertrags zu ben\u00fctzen. Im Gesetz steht folgendes:&nbsp; Die Verarbeitung ist f\u00fcr die Erf\u00fcllung eines Vertrags, dessen Vertragspartei die betroffene Person ist, oder zur Durchf\u00fchrung vorvertraglicher Ma\u00dfnahmen erforderlich, die auf Anfrage der betroffenen Person erfolgt.<\/p>\n\n\n\n<p>&nbsp;<strong>Ben\u00fctzen wir deine Daten noch f\u00fcr einen anderen Zweck?<\/strong><\/p>\n\n\n\n<p>Nein. Wir verwenden deine Daten nur f\u00fcr den Zweck den wir hier genannt haben.<\/p>\n\n\n\n<p><strong>Wer bekommt deine Daten von uns?<\/strong><\/p>\n\n\n\n<p>Das sind interne Stellen, die an jeweiligen Gesch\u00e4ftsprozessen beteiligt sind. Also zum Beispiel unsere Buchhaltung und Kundenverwaltung..<\/p>\n\n\n\n<p><strong>\u00dcbermitteln wir deine Daten in Drittl\u00e4nder?<\/strong><\/p>\n\n\n\n<p>&nbsp;Drittl\u00e4nder sind L\u00e4nder au\u00dferhalb der EU die keinen so guten Datenschutz haben wie wir in der EU. Nein. Deine Daten werden an keine Drittl\u00e4nder \u00fcbermittelt. Alle Rechenzentren befinden sich in \u00d6sterreich.<\/p>\n\n\n\n<p>&nbsp;<strong>Wie lange speichern wir deine Daten?<\/strong><\/p>\n\n\n\n<p>&nbsp;Verschiedene Gesetze in \u00d6sterreich fordern von uns, dass wir deine Daten f\u00fcr 10 Jahre speichern. Das sind z.B. das Handelsgesetzbuch und verschiedene Verordnungen der Finanz\u00e4mter.<\/p>\n\n\n\n<p><strong>&nbsp;Was w\u00e4re wenn wir keine Daten von dir bekommen w\u00fcrden?<\/strong><\/p>\n\n\n\n<p><strong>&nbsp;<\/strong>Da wir ja deine Daten f\u00fcr die Mitgliedsvereinbarung ben\u00f6tigen und Du nur mit der Mitgliedsvereinbarung bei uns trainieren kannst, w\u00e4re ohne deine Daten eine Nutzung des Studios leider technisch nicht m\u00f6glich.<\/p>\n\n\n\n<p><strong>&nbsp;Welche Rechte hast Du?<\/strong><\/p>\n\n\n\n<p>&nbsp;Nat\u00fcrlich hast Du auch einige Rechte was deine Daten betrifft.<\/p>\n\n\n\n<p>&nbsp;\u2022 Du kannst bei uns nachfrage welche Daten wir von dir gespeichert haben.&nbsp; \uf0fc Das machst Du am besten schriftlich oder fragst pers\u00f6nlich im Studio nach.<\/p>\n\n\n\n<p>&nbsp;\u2022 Falls die Daten die wir von dir gespeichert haben falsch sind hast Du das Recht das wir diese berichtigen. \uf0fc Schreib uns in dem Fall oder sprich einen Mitarbeiter im Studio an.<\/p>\n\n\n\n<p>&nbsp;\u2022 Unter bestimmten Voraussetzungen kannst Du auch verlangen, dass wir deine Daten l\u00f6schen. \uf0fc Das geht aber nicht, wenn Du noch einen Vertrag hast oder wir vom Gesetz her verpflichtet sind deine Daten noch zu speichern.<\/p>\n\n\n\n<p>&nbsp;\u2022 Wenn wir deine Daten nicht l\u00f6schen k\u00f6nnen bzw. d\u00fcrfen kannst Du verlangen, dass wir die Daten einfach nicht mehr verwenden d\u00fcrfen.&nbsp; \uf0fc Das nennt man Einschr\u00e4nkung der Verarbeitung.<\/p>\n\n\n\n<p>&nbsp;\u2022 Wenn Du keine Informationen \u00fcber Aktionen und Angebote in unserem Studio mehr w\u00fcnschst, kannst Du dem einfach wiedersprechen. \uf0fc Schick uns einfach eine E-Mail, Brief oder sprich einen Mitarbeiter im Studio an.&nbsp;<\/p>\n\n\n\n<p>&nbsp;\u2022 Wenn Du mal nicht mehr bei uns trainieren m\u00f6chtest, kannst Du die Daten die Du uns gegeben hast wieder \u201emitnehmen\u201c. \uf0fc Schreib uns in dem Fall oder sprich einen Mitarbeiter im Studio an<\/p>\n\n\n\n<p>&nbsp;\u2022 Wenn Du der Meinung bist, dass wir deine Rechte nicht beachten, hast Du das Recht dich bei der Datenschutzaufsichtsbeh\u00f6rde zu beschweren. \uf0fc Es ist aber sicher einfacher, wenn Du dich erst mit uns oder unserem Datenschutzbeauftragten in Verbindung setzt. Beide Kontaktdaten findest Du oben auf diesem Blatt.<\/p>\n","protected":false},"excerpt":{"rendered":"<p>FIT Trainingscenter GmbH 9620 Hermagor &#8211; Obervellach 14\u00a0\u00a0\u00a0\u00a0\u00a0\u00a0 \u00a0 04282 \/ 4846\u00a0\u00a0 fit-hermagor@aon.at __________________________________________________________ Information zur Datenerhebung&nbsp; nach DSGVO Artikel 13&nbsp; &#8211; Informationspflicht bei Erhebung von personenbezogenen Daten bei der betroffenen Person &#8211; &nbsp;Warum erheben wir deine Daten? Da Du einen Vertrag mit uns abschlie\u00dfen m\u00f6chtest oder ein Probetraining bei uns machen m\u00f6chtest ben\u00f6tigen wir<\/p>\n<div class=\"more-link\">\n             <a href=\"https:\/\/fit-hermagor.at\/?page_id=3\" class=\"link-btn\"><span>Weiterlesen <\/span><i class=\"icofont-thin-double-right\"><\/i><\/a>\n        <\/div>\n","protected":false},"author":1,"featured_media":0,"parent":0,"menu_order":0,"comment_status":"closed","ping_status":"closed","template":"","meta":{"footnotes":""},"class_list":["post-3","page","type-page","status-publish","hentry"],"_links":{"self":[{"href":"https:\/\/fit-hermagor.at\/index.php?rest_route=\/wp\/v2\/pages\/3","targetHints":{"allow":["GET"]}}],"collection":[{"href":"https:\/\/fit-hermagor.at\/index.php?rest_route=\/wp\/v2\/pages"}],"about":[{"href":"https:\/\/fit-hermagor.at\/index.php?rest_route=\/wp\/v2\/types\/page"}],"author":[{"embeddable":true,"href":"https:\/\/fit-hermagor.at\/index.php?rest_route=\/wp\/v2\/users\/1"}],"replies":[{"embeddable":true,"href":"https:\/\/fit-hermagor.at\/index.php?rest_route=%2Fwp%2Fv2%2Fcomments&post=3"}],"version-history":[{"count":4,"href":"https:\/\/fit-hermagor.at\/index.php?rest_route=\/wp\/v2\/pages\/3\/revisions"}],"predecessor-version":[{"id":78,"href":"https:\/\/fit-hermagor.at\/index.php?rest_route=\/wp\/v2\/pages\/3\/revisions\/78"}],"wp:attachment":[{"href":"https:\/\/fit-hermagor.at\/index.php?rest_route=%2Fwp%2Fv2%2Fmedia&parent=3"}],"curies":[{"name":"wp","href":"https:\/\/api.w.org\/{rel}","templated":true}]}}